{"id":9,"date":"2022-04-15T21:19:49","date_gmt":"2022-04-15T19:19:49","guid":{"rendered":"http:\/\/feelingalljuly.com\/?page_id=9"},"modified":"2022-08-20T00:19:35","modified_gmt":"2022-08-19T22:19:35","slug":"journal-photography-of-july","status":"publish","type":"page","link":"https:\/\/feelingalljuly.com\/","title":{"rendered":"Un journal priv\u00e9 expos\u00e9"},"content":{"rendered":"\n<p class=\"has-text-align-center\">Soleil de Juillet,<br><br>Je danse avec les flammes de mes contradictions,<br>Sans d&#8217;autres ambitions,<br>Que de vivre,<br>Ma vie, comme je l&#8217;\u00e9cris.<br><br>Sem\u00e9e de soirs d&#8217;\u00e9t\u00e9<br>-qui ont ce go\u00fbt d&#8217;\u00e9ternit\u00e9.<br>Fleurie de r\u00eaves et d&#8217;utopies.<br>Sur cette terre travaill\u00e9e,<br>D&#8217;erreurs sans regrets,<br>D&#8217;amours sans succ\u00e8s et d&#8217;exp\u00e9riences \u00e0 outrance.<br><br>Je suis Soleil de Juillet<br>Comprenez ce que vous pouvez.<\/p>\n\n\n\n<h2 class=\"wp-block-heading\">Un journal de photo os\u00e9e<\/h2>\n\n\n\n<p>L&#8217;\u00e9rotisme sera roi dans cet univers dont je suis la reine. Reine de mon corps, ses courbes et sa singularit\u00e9. Je tiens les rennes de ma libert\u00e9. De cr\u00e9er, d&#8217;exposer, d&#8217;exister. Ici sera le temple de mon intimit\u00e9. Maintenant, je prends cet engagement. De ne plus \u00eatre effray\u00e9e, d&#8217;\u00eatre moi. De ne plus m&#8217;excuser, d&#8217;\u00eatre l\u00e0. De ne pas rougir, de brusquer. De ne plus h\u00e9siter, \u00e0 d\u00e9ranger. Plus que de la provocation, il s&#8217;agit d&#8217;une invitation. Dans l&#8217;une des multiples utopies de mon esprit, j&#8217;aimerais que tout le monde soit libre d&#8217;oser. Alors derri\u00e8re ce projet, il y a un espoir d&#8217;encourager. Des reines et des rois, \u00e0 na\u00eetre, pour r\u00e9gner sur les lois.<\/p>\n\n\n\n<div class=\"wp-block-group\"><div class=\"wp-block-group__inner-container is-layout-flow wp-block-group-is-layout-flow\"><div class=\"wp-block-image is-style-rounded\">\n<figure class=\"alignleft size-medium is-resized\"><img loading=\"lazy\" decoding=\"async\" src=\"https:\/\/feelingalljuly.com\/wp-content\/uploads\/2022\/04\/Polish_20211005_193451115-225x300.jpg\" alt=\"photo femme sexy simili cuir\" class=\"wp-image-13\" width=\"336\" height=\"447\" srcset=\"https:\/\/feelingalljuly.com\/wp-content\/uploads\/2022\/04\/Polish_20211005_193451115-225x300.jpg 225w, https:\/\/feelingalljuly.com\/wp-content\/uploads\/2022\/04\/Polish_20211005_193451115-768x1024.jpg 768w, https:\/\/feelingalljuly.com\/wp-content\/uploads\/2022\/04\/Polish_20211005_193451115-1152x1536.jpg 1152w, https:\/\/feelingalljuly.com\/wp-content\/uploads\/2022\/04\/Polish_20211005_193451115-1536x2048.jpg 1536w, https:\/\/feelingalljuly.com\/wp-content\/uploads\/2022\/04\/Polish_20211005_193451115.jpg 1920w\" sizes=\"auto, (max-width: 336px) 100vw, 336px\" \/><figcaption><a href=\"https:\/\/mym.fans\/_feeling_july\">MYM<\/a><\/figcaption><\/figure>\n<\/div><\/div><\/div>\n\n\n\n<div class=\"wp-block-columns is-layout-flex wp-container-core-columns-is-layout-9d6595d7 wp-block-columns-is-layout-flex\">\n<div class=\"wp-block-column is-layout-flow wp-block-column-is-layout-flow\" style=\"flex-basis:100%\">\n<div class=\"wp-block-group\"><div class=\"wp-block-group__inner-container is-layout-flow wp-block-group-is-layout-flow\">\n<figure class=\"wp-block-gallery aligncenter has-nested-images columns-default is-cropped wp-block-gallery-1 is-layout-flex wp-block-gallery-is-layout-flex\">\n<figure class=\"wp-block-image size-medium is-style-rounded\"><a href=\"https:\/\/www.instagram.com\/feeling.july\/\"><img loading=\"lazy\" decoding=\"async\" width=\"300\" height=\"170\" data-id=\"21\" src=\"https:\/\/feelingalljuly.com\/wp-content\/uploads\/2022\/04\/Polish_20211001_221407269-300x170.jpg\" alt=\"\" class=\"wp-image-21\" srcset=\"https:\/\/feelingalljuly.com\/wp-content\/uploads\/2022\/04\/Polish_20211001_221407269-300x170.jpg 300w, https:\/\/feelingalljuly.com\/wp-content\/uploads\/2022\/04\/Polish_20211001_221407269-1024x579.jpg 1024w, https:\/\/feelingalljuly.com\/wp-content\/uploads\/2022\/04\/Polish_20211001_221407269-768x434.jpg 768w, https:\/\/feelingalljuly.com\/wp-content\/uploads\/2022\/04\/Polish_20211001_221407269-1536x868.jpg 1536w, https:\/\/feelingalljuly.com\/wp-content\/uploads\/2022\/04\/Polish_20211001_221407269.jpg 1705w\" sizes=\"auto, (max-width: 300px) 100vw, 300px\" \/><\/a><figcaption><a href=\"https:\/\/www.instagram.com\/feeling.july\/\">Instagram<\/a><\/figcaption><\/figure>\n\n\n\n<figure class=\"wp-block-image size-medium is-style-rounded\"><img loading=\"lazy\" decoding=\"async\" width=\"225\" height=\"300\" data-id=\"19\" src=\"https:\/\/feelingalljuly.com\/wp-content\/uploads\/2022\/04\/Polish_20211001_222147314-2-225x300.jpg\" alt=\"\" class=\"wp-image-19\" srcset=\"https:\/\/feelingalljuly.com\/wp-content\/uploads\/2022\/04\/Polish_20211001_222147314-2-225x300.jpg 225w, https:\/\/feelingalljuly.com\/wp-content\/uploads\/2022\/04\/Polish_20211001_222147314-2-768x1024.jpg 768w, https:\/\/feelingalljuly.com\/wp-content\/uploads\/2022\/04\/Polish_20211001_222147314-2-1152x1536.jpg 1152w, https:\/\/feelingalljuly.com\/wp-content\/uploads\/2022\/04\/Polish_20211001_222147314-2-1536x2048.jpg 1536w, https:\/\/feelingalljuly.com\/wp-content\/uploads\/2022\/04\/Polish_20211001_222147314-2.jpg 1920w\" sizes=\"auto, (max-width: 225px) 100vw, 225px\" \/><figcaption>More about me<\/figcaption><\/figure>\n<\/figure>\n<\/div><\/div>\n<\/div>\n<\/div>\n\n\n\n<h3 class=\"wp-block-heading\">Faim d&#8217;\u00e9volution sans fin<\/h3>\n\n\n\n<p>Avertissement : Mon cerveau fonctionne en arborescence. Je souffre et jouis \u00e0 la fois d&#8217;une hyperactivit\u00e9 c\u00e9r\u00e9brale. Impossible \u00e0 dompter, j&#8217;ai moi-m\u00eame du mal \u00e0 me canaliser. J&#8217;ai toujours des milliers d&#8217;id\u00e9es qui se bousculent, et je veux toujours toutes les exploiter. Ce site, c&#8217;est une projection de mon intimit\u00e9, un aper\u00e7u de ma psych\u00e9. Alors il n&#8217;aura aucun sens. Il ira \u00e0 droite, puis \u00e0 gauche, dans tous les sens, surtout \u00e0 contresens. Si vous entrez ici, sachez que je suis dangereuse pour la sant\u00e9. Le risque s&#8217;expose, en photo et en prose.<\/p>\n\n\n\n<p>Effets secondaires (liste non-exhaustive) :<\/p>\n\n\n\n<ul class=\"wp-block-list\"><li>Confusion<\/li><li>Vertiges<\/li><li>Bouff\u00e9es de chaleur<\/li><li>D\u00e9mangeaisons c\u00e9r\u00e9brales<\/li><li>Palpitations<\/li><li>Pulsions<\/li><li>D\u00e9raison<\/li><li>R\u00e9flexions intempestives<\/li><li>\u00c9rections intrusives<\/li><li>Stimulation imaginative<\/li><li>\u00c9motions sans missive<\/li><li>Hyper-salivation<\/li><li>S\u00e9cr\u00e9tions vaginales g\u00e9niales<\/li><\/ul>\n","protected":false},"excerpt":{"rendered":"<p>Soleil de Juillet, Je danse avec les flammes de mes contradictions,Sans d&#8217;autres ambitions,Que de vivre,Ma vie, comme je l&#8217;\u00e9cris. Sem\u00e9e de soirs d&#8217;\u00e9t\u00e9-qui ont ce go\u00fbt d&#8217;\u00e9ternit\u00e9.Fleurie de r\u00eaves et<\/p>\n<p class=\"more-link\"><a class=\"button\" href=\"https:\/\/feelingalljuly.com\/\" class=\"readmore\">Continue reading<span class=\"screen-reader-text\">Un journal priv\u00e9 expos\u00e9<\/span><\/a><\/p>\n","protected":false},"author":1,"featured_media":8,"parent":0,"menu_order":0,"comment_status":"closed","ping_status":"closed","template":"","meta":{"footnotes":""},"class_list":["post-9","page","type-page","status-publish","has-post-thumbnail","hentry"],"_links":{"self":[{"href":"https:\/\/feelingalljuly.com\/index.php\/wp-json\/wp\/v2\/pages\/9","targetHints":{"allow":["GET"]}}],"collection":[{"href":"https:\/\/feelingalljuly.com\/index.php\/wp-json\/wp\/v2\/pages"}],"about":[{"href":"https:\/\/feelingalljuly.com\/index.php\/wp-json\/wp\/v2\/types\/page"}],"author":[{"embeddable":true,"href":"https:\/\/feelingalljuly.com\/index.php\/wp-json\/wp\/v2\/users\/1"}],"replies":[{"embeddable":true,"href":"https:\/\/feelingalljuly.com\/index.php\/wp-json\/wp\/v2\/comments?post=9"}],"version-history":[{"count":7,"href":"https:\/\/feelingalljuly.com\/index.php\/wp-json\/wp\/v2\/pages\/9\/revisions"}],"predecessor-version":[{"id":60,"href":"https:\/\/feelingalljuly.com\/index.php\/wp-json\/wp\/v2\/pages\/9\/revisions\/60"}],"wp:featuredmedia":[{"embeddable":true,"href":"https:\/\/feelingalljuly.com\/index.php\/wp-json\/wp\/v2\/media\/8"}],"wp:attachment":[{"href":"https:\/\/feelingalljuly.com\/index.php\/wp-json\/wp\/v2\/media?parent=9"}],"curies":[{"name":"wp","href":"https:\/\/api.w.org\/{rel}","templated":true}]}}